{"id":6332,"date":"2023-12-10T02:33:24","date_gmt":"2023-12-10T02:33:24","guid":{"rendered":"https:\/\/sas.rochester.edu\/chm\/groups\/thorarinsdottir\/?page_id=6332"},"modified":"2025-08-11T01:07:57","modified_gmt":"2025-08-11T01:07:57","slug":"about-daniela","status":"publish","type":"page","link":"https:\/\/sas.rochester.edu\/chm\/groups\/thorarinsdottir\/index.php\/the-team\/current-members\/about-daniela\/","title":{"rendered":"About Daniela"},"content":{"rendered":"\n<h3 class=\"wp-block-heading has-text-align-center has-text-color\" style=\"color:#003b71;font-size:clamp(1.743rem, 1.743rem + ((1vw - 0.2rem) * 2.285), 3rem);\"><strong>About Daniela<\/strong><\/h3>\n\n\n\n<div class=\"wp-block-columns alignwide is-layout-flex wp-container-core-columns-is-layout-d2da2050 wp-block-columns-is-layout-flex\" style=\"margin-bottom:0\">\n<div class=\"wp-block-column has-base-background-color has-text-color has-background has-link-color wp-elements-9180ded48bf13fee154caf23de45072f is-layout-flow wp-block-column-is-layout-flow\" style=\"color:#000000;padding-top:2em;padding-right:2em;padding-bottom:2em;padding-left:2em\">\n<figure class=\"wp-block-image aligncenter size-large is-resized\"><img loading=\"lazy\" decoding=\"async\" width=\"1024\" height=\"968\" src=\"https:\/\/sas.rochester.edu\/chm\/groups\/thorarinsdottir\/wp-content\/uploads\/2023\/12\/PXL_20231208_223206152-1-1024x968.jpg\" alt=\"\" class=\"wp-image-6232\" style=\"width:423px;height:400px\" srcset=\"https:\/\/sas.rochester.edu\/chm\/groups\/thorarinsdottir\/wp-content\/uploads\/2023\/12\/PXL_20231208_223206152-1-1024x968.jpg 1024w, https:\/\/sas.rochester.edu\/chm\/groups\/thorarinsdottir\/wp-content\/uploads\/2023\/12\/PXL_20231208_223206152-1-300x283.jpg 300w, https:\/\/sas.rochester.edu\/chm\/groups\/thorarinsdottir\/wp-content\/uploads\/2023\/12\/PXL_20231208_223206152-1-768x726.jpg 768w, https:\/\/sas.rochester.edu\/chm\/groups\/thorarinsdottir\/wp-content\/uploads\/2023\/12\/PXL_20231208_223206152-1-1536x1451.jpg 1536w, https:\/\/sas.rochester.edu\/chm\/groups\/thorarinsdottir\/wp-content\/uploads\/2023\/12\/PXL_20231208_223206152-1-2048x1935.jpg 2048w\" sizes=\"auto, (max-width: 1024px) 100vw, 1024px\" \/><\/figure>\n\n\n\n<p class=\"has-text-align-left\" style=\"font-size:clamp(16.293px, 1.018rem + ((1vw - 3.2px) * 0.989), 25px);line-height:1.5\"><strong>Favorites<\/strong><\/p>\n\n\n\n<p><strong>Element(s):<\/strong> Dysprosium<br><br><strong>Physico-chemical constant(s):<\/strong> Ideal gas constant<br><br><strong>Extracurricular activities:<\/strong>  Dancing, cooking<br><br><strong>Food\/drink: <\/strong>Pozole rojo\/wine<\/p>\n<\/div>\n\n\n\n<div class=\"wp-block-column has-base-background-color has-text-color has-background has-link-color wp-elements-8bd781213de508c97533db63c2a9190f is-layout-flow wp-block-column-is-layout-flow\" style=\"color:#000000;padding-top:2em;padding-right:2em;padding-bottom:2em;padding-left:2em\">\n<p class=\"has-text-align-left\" style=\"font-size:clamp(16.293px, 1.018rem + ((1vw - 3.2px) * 0.989), 25px);line-height:1.5\"><strong>Daniela Carmona-P\u00e9rez <\/strong><\/p>\n\n\n\n<p class=\"has-text-align-left\" style=\"font-size:clamp(14px, 0.875rem + ((1vw - 3.2px) * 0.455), 18px);\">Graduate Student (G3)<\/p>\n\n\n\n<p>Sherman\u2013Clarke Graduate Fellowship 2024\u20132025<\/p>\n\n\n\n<p class=\"has-text-align-left\" style=\"font-size:clamp(14px, 0.875rem + ((1vw - 3.2px) * 0.455), 18px);\">M.S. in Chemistry, Benem\u00e9rita Universidad Aut\u00f3noma de Puebla, 2022<br>B.S. in Chemistry, Benem\u00e9rita Universidad Aut\u00f3noma de Puebla, 2019<\/p>\n\n\n\n<p class=\"has-text-align-left\" style=\"font-size:clamp(14px, 0.875rem + ((1vw - 3.2px) * 0.455), 18px);\"><span style=\"text-decoration: underline;\">Email:<\/span><strong> <\/strong>dcarmon2@ur.rochester.edu<br><br>Hi, my name is Daniela. I\u2019m from Puebla, Mexico. During my bachelor\u2019s degree studies I had the opportunity to be part of different research projects focused on coordination complexes, and during my master&#8217;s studies, I focused my research on metal\u2013organic frameworks. I\u2019m passionate about chemistry because I believe that through it we can understand practically all the events that surround us and find solutions to many of the major problems that afflict the world, such as finding better sources of energy or designing more effective drugs against certain diseases. I am also passionate about teaching, dancing, and cooking. My favorite season is fall, and I enjoy trying new things.<\/p>\n<\/div>\n<\/div>\n","protected":false},"excerpt":{"rendered":"<p>About Daniela Favorites Element(s): Dysprosium Physico-chemical constant(s): Ideal gas constant Extracurricular activities: Dancing, cooking Food\/drink: Pozole rojo\/wine Daniela Carmona-P\u00e9rez Graduate Student (G3) Sherman\u2013Clarke Graduate Fellowship 2024\u20132025 M.S. in Chemistry, Benem\u00e9rita Universidad Aut\u00f3noma de Puebla, 2022B.S. in Chemistry, Benem\u00e9rita Universidad Aut\u00f3noma de Puebla, 2019 Email: dcarmon2@ur.rochester.edu Hi, my name is Daniela. I\u2019m from Puebla, Mexico. During [&hellip;]<\/p>\n","protected":false},"author":16,"featured_media":0,"parent":226,"menu_order":0,"comment_status":"closed","ping_status":"closed","template":"","meta":{"_acf_changed":false,"footnotes":""},"class_list":["post-6332","page","type-page","status-publish","hentry"],"acf":[],"yoast_head":"<!-- This site is optimized with the Yoast SEO plugin v27.3 - https:\/\/yoast.com\/product\/yoast-seo-wordpress\/ -->\n<title>About Daniela -<\/title>\n<meta name=\"robots\" content=\"index, follow, max-snippet:-1, max-image-preview:large, max-video-preview:-1\" \/>\n<link rel=\"canonical\" href=\"https:\/\/sas.rochester.edu\/chm\/groups\/thorarinsdottir\/index.php\/the-team\/current-members\/about-daniela\/\" \/>\n<meta property=\"og:locale\" content=\"en_US\" \/>\n<meta property=\"og:type\" content=\"article\" \/>\n<meta property=\"og:title\" content=\"About Daniela -\" \/>\n<meta property=\"og:description\" content=\"About Daniela Favorites Element(s): Dysprosium Physico-chemical constant(s): Ideal gas constant Extracurricular activities: Dancing, cooking Food\/drink: Pozole rojo\/wine Daniela Carmona-P\u00e9rez Graduate Student (G3) Sherman\u2013Clarke Graduate Fellowship 2024\u20132025 M.S. in Chemistry, Benem\u00e9rita Universidad Aut\u00f3noma de Puebla, 2022B.S. in Chemistry, Benem\u00e9rita Universidad Aut\u00f3noma de Puebla, 2019 Email: dcarmon2@ur.rochester.edu Hi, my name is Daniela. I\u2019m from Puebla, Mexico. During [&hellip;]\" \/>\n<meta property=\"og:url\" content=\"https:\/\/sas.rochester.edu\/chm\/groups\/thorarinsdottir\/index.php\/the-team\/current-members\/about-daniela\/\" \/>\n<meta property=\"article:modified_time\" content=\"2025-08-11T01:07:57+00:00\" \/>\n<meta property=\"og:image\" content=\"https:\/\/sas.rochester.edu\/chm\/groups\/thorarinsdottir\/wp-content\/uploads\/2023\/12\/PXL_20231208_223206152-1-scaled.jpg\" \/>\n\t<meta property=\"og:image:width\" content=\"2560\" \/>\n\t<meta property=\"og:image:height\" content=\"2419\" \/>\n\t<meta property=\"og:image:type\" content=\"image\/jpeg\" \/>\n<meta name=\"twitter:card\" content=\"summary_large_image\" \/>\n<meta name=\"twitter:site\" content=\"@aet_group_UofR\" \/>\n<meta name=\"twitter:label1\" content=\"Est. reading time\" \/>\n\t<meta name=\"twitter:data1\" content=\"1 minute\" \/>\n<script type=\"application\/ld+json\" class=\"yoast-schema-graph\">{\"@context\":\"https:\\\/\\\/schema.org\",\"@graph\":[{\"@type\":\"WebPage\",\"@id\":\"https:\\\/\\\/sas.rochester.edu\\\/chm\\\/groups\\\/thorarinsdottir\\\/index.php\\\/the-team\\\/current-members\\\/about-daniela\\\/\",\"url\":\"https:\\\/\\\/sas.rochester.edu\\\/chm\\\/groups\\\/thorarinsdottir\\\/index.php\\\/the-team\\\/current-members\\\/about-daniela\\\/\",\"name\":\"About Daniela -\",\"isPartOf\":{\"@id\":\"https:\\\/\\\/sas.rochester.edu\\\/chm\\\/groups\\\/thorarinsdottir\\\/#website\"},\"primaryImageOfPage\":{\"@id\":\"https:\\\/\\\/sas.rochester.edu\\\/chm\\\/groups\\\/thorarinsdottir\\\/index.php\\\/the-team\\\/current-members\\\/about-daniela\\\/#primaryimage\"},\"image\":{\"@id\":\"https:\\\/\\\/sas.rochester.edu\\\/chm\\\/groups\\\/thorarinsdottir\\\/index.php\\\/the-team\\\/current-members\\\/about-daniela\\\/#primaryimage\"},\"thumbnailUrl\":\"https:\\\/\\\/sas.rochester.edu\\\/chm\\\/groups\\\/thorarinsdottir\\\/wp-content\\\/uploads\\\/2023\\\/12\\\/PXL_20231208_223206152-1-1024x968.jpg\",\"datePublished\":\"2023-12-10T02:33:24+00:00\",\"dateModified\":\"2025-08-11T01:07:57+00:00\",\"breadcrumb\":{\"@id\":\"https:\\\/\\\/sas.rochester.edu\\\/chm\\\/groups\\\/thorarinsdottir\\\/index.php\\\/the-team\\\/current-members\\\/about-daniela\\\/#breadcrumb\"},\"inLanguage\":\"en-US\",\"potentialAction\":[{\"@type\":\"ReadAction\",\"target\":[\"https:\\\/\\\/sas.rochester.edu\\\/chm\\\/groups\\\/thorarinsdottir\\\/index.php\\\/the-team\\\/current-members\\\/about-daniela\\\/\"]}]},{\"@type\":\"ImageObject\",\"inLanguage\":\"en-US\",\"@id\":\"https:\\\/\\\/sas.rochester.edu\\\/chm\\\/groups\\\/thorarinsdottir\\\/index.php\\\/the-team\\\/current-members\\\/about-daniela\\\/#primaryimage\",\"url\":\"https:\\\/\\\/sas.rochester.edu\\\/chm\\\/groups\\\/thorarinsdottir\\\/wp-content\\\/uploads\\\/2023\\\/12\\\/PXL_20231208_223206152-1-scaled.jpg\",\"contentUrl\":\"https:\\\/\\\/sas.rochester.edu\\\/chm\\\/groups\\\/thorarinsdottir\\\/wp-content\\\/uploads\\\/2023\\\/12\\\/PXL_20231208_223206152-1-scaled.jpg\",\"width\":2560,\"height\":2419},{\"@type\":\"BreadcrumbList\",\"@id\":\"https:\\\/\\\/sas.rochester.edu\\\/chm\\\/groups\\\/thorarinsdottir\\\/index.php\\\/the-team\\\/current-members\\\/about-daniela\\\/#breadcrumb\",\"itemListElement\":[{\"@type\":\"ListItem\",\"position\":1,\"name\":\"Home\",\"item\":\"https:\\\/\\\/sas.rochester.edu\\\/chm\\\/groups\\\/thorarinsdottir\\\/\"},{\"@type\":\"ListItem\",\"position\":2,\"name\":\"The Team\",\"item\":\"https:\\\/\\\/sas.rochester.edu\\\/chm\\\/groups\\\/thorarinsdottir\\\/index.php\\\/the-team\\\/\"},{\"@type\":\"ListItem\",\"position\":3,\"name\":\"Current Members\",\"item\":\"https:\\\/\\\/sas.rochester.edu\\\/chm\\\/groups\\\/thorarinsdottir\\\/index.php\\\/the-team\\\/current-members\\\/\"},{\"@type\":\"ListItem\",\"position\":4,\"name\":\"About Daniela\"}]},{\"@type\":\"WebSite\",\"@id\":\"https:\\\/\\\/sas.rochester.edu\\\/chm\\\/groups\\\/thorarinsdottir\\\/#website\",\"url\":\"https:\\\/\\\/sas.rochester.edu\\\/chm\\\/groups\\\/thorarinsdottir\\\/\",\"name\":\"Thorarinsdottir Research Group\",\"description\":\"Thorarinsdottir Research Group at University of Rochester\",\"publisher\":{\"@id\":\"https:\\\/\\\/sas.rochester.edu\\\/chm\\\/groups\\\/thorarinsdottir\\\/#organization\"},\"potentialAction\":[{\"@type\":\"SearchAction\",\"target\":{\"@type\":\"EntryPoint\",\"urlTemplate\":\"https:\\\/\\\/sas.rochester.edu\\\/chm\\\/groups\\\/thorarinsdottir\\\/?s={search_term_string}\"},\"query-input\":{\"@type\":\"PropertyValueSpecification\",\"valueRequired\":true,\"valueName\":\"search_term_string\"}}],\"inLanguage\":\"en-US\"},{\"@type\":\"Organization\",\"@id\":\"https:\\\/\\\/sas.rochester.edu\\\/chm\\\/groups\\\/thorarinsdottir\\\/#organization\",\"name\":\"Thorarinsdottir Research Group\",\"url\":\"https:\\\/\\\/sas.rochester.edu\\\/chm\\\/groups\\\/thorarinsdottir\\\/\",\"logo\":{\"@type\":\"ImageObject\",\"inLanguage\":\"en-US\",\"@id\":\"https:\\\/\\\/sas.rochester.edu\\\/chm\\\/groups\\\/thorarinsdottir\\\/#\\\/schema\\\/logo\\\/image\\\/\",\"url\":\"https:\\\/\\\/sas.rochester.edu\\\/chm\\\/groups\\\/thorarinsdottir\\\/wp-content\\\/uploads\\\/2023\\\/06\\\/Thorarinsdottir-Group-Logo_for-news_trimmed.png\",\"contentUrl\":\"https:\\\/\\\/sas.rochester.edu\\\/chm\\\/groups\\\/thorarinsdottir\\\/wp-content\\\/uploads\\\/2023\\\/06\\\/Thorarinsdottir-Group-Logo_for-news_trimmed.png\",\"width\":353,\"height\":358,\"caption\":\"Thorarinsdottir Research Group\"},\"image\":{\"@id\":\"https:\\\/\\\/sas.rochester.edu\\\/chm\\\/groups\\\/thorarinsdottir\\\/#\\\/schema\\\/logo\\\/image\\\/\"},\"sameAs\":[\"https:\\\/\\\/x.com\\\/aet_group_UofR\"]}]}<\/script>\n<!-- \/ Yoast SEO plugin. -->","yoast_head_json":{"title":"About Daniela -","robots":{"index":"index","follow":"follow","max-snippet":"max-snippet:-1","max-image-preview":"max-image-preview:large","max-video-preview":"max-video-preview:-1"},"canonical":"https:\/\/sas.rochester.edu\/chm\/groups\/thorarinsdottir\/index.php\/the-team\/current-members\/about-daniela\/","og_locale":"en_US","og_type":"article","og_title":"About Daniela -","og_description":"About Daniela Favorites Element(s): Dysprosium Physico-chemical constant(s): Ideal gas constant Extracurricular activities: Dancing, cooking Food\/drink: Pozole rojo\/wine Daniela Carmona-P\u00e9rez Graduate Student (G3) Sherman\u2013Clarke Graduate Fellowship 2024\u20132025 M.S. in Chemistry, Benem\u00e9rita Universidad Aut\u00f3noma de Puebla, 2022B.S. in Chemistry, Benem\u00e9rita Universidad Aut\u00f3noma de Puebla, 2019 Email: dcarmon2@ur.rochester.edu Hi, my name is Daniela. I\u2019m from Puebla, Mexico. During [&hellip;]","og_url":"https:\/\/sas.rochester.edu\/chm\/groups\/thorarinsdottir\/index.php\/the-team\/current-members\/about-daniela\/","article_modified_time":"2025-08-11T01:07:57+00:00","og_image":[{"width":2560,"height":2419,"url":"https:\/\/sas.rochester.edu\/chm\/groups\/thorarinsdottir\/wp-content\/uploads\/2023\/12\/PXL_20231208_223206152-1-scaled.jpg","type":"image\/jpeg"}],"twitter_card":"summary_large_image","twitter_site":"@aet_group_UofR","twitter_misc":{"Est. reading time":"1 minute"},"schema":{"@context":"https:\/\/schema.org","@graph":[{"@type":"WebPage","@id":"https:\/\/sas.rochester.edu\/chm\/groups\/thorarinsdottir\/index.php\/the-team\/current-members\/about-daniela\/","url":"https:\/\/sas.rochester.edu\/chm\/groups\/thorarinsdottir\/index.php\/the-team\/current-members\/about-daniela\/","name":"About Daniela -","isPartOf":{"@id":"https:\/\/sas.rochester.edu\/chm\/groups\/thorarinsdottir\/#website"},"primaryImageOfPage":{"@id":"https:\/\/sas.rochester.edu\/chm\/groups\/thorarinsdottir\/index.php\/the-team\/current-members\/about-daniela\/#primaryimage"},"image":{"@id":"https:\/\/sas.rochester.edu\/chm\/groups\/thorarinsdottir\/index.php\/the-team\/current-members\/about-daniela\/#primaryimage"},"thumbnailUrl":"https:\/\/sas.rochester.edu\/chm\/groups\/thorarinsdottir\/wp-content\/uploads\/2023\/12\/PXL_20231208_223206152-1-1024x968.jpg","datePublished":"2023-12-10T02:33:24+00:00","dateModified":"2025-08-11T01:07:57+00:00","breadcrumb":{"@id":"https:\/\/sas.rochester.edu\/chm\/groups\/thorarinsdottir\/index.php\/the-team\/current-members\/about-daniela\/#breadcrumb"},"inLanguage":"en-US","potentialAction":[{"@type":"ReadAction","target":["https:\/\/sas.rochester.edu\/chm\/groups\/thorarinsdottir\/index.php\/the-team\/current-members\/about-daniela\/"]}]},{"@type":"ImageObject","inLanguage":"en-US","@id":"https:\/\/sas.rochester.edu\/chm\/groups\/thorarinsdottir\/index.php\/the-team\/current-members\/about-daniela\/#primaryimage","url":"https:\/\/sas.rochester.edu\/chm\/groups\/thorarinsdottir\/wp-content\/uploads\/2023\/12\/PXL_20231208_223206152-1-scaled.jpg","contentUrl":"https:\/\/sas.rochester.edu\/chm\/groups\/thorarinsdottir\/wp-content\/uploads\/2023\/12\/PXL_20231208_223206152-1-scaled.jpg","width":2560,"height":2419},{"@type":"BreadcrumbList","@id":"https:\/\/sas.rochester.edu\/chm\/groups\/thorarinsdottir\/index.php\/the-team\/current-members\/about-daniela\/#breadcrumb","itemListElement":[{"@type":"ListItem","position":1,"name":"Home","item":"https:\/\/sas.rochester.edu\/chm\/groups\/thorarinsdottir\/"},{"@type":"ListItem","position":2,"name":"The Team","item":"https:\/\/sas.rochester.edu\/chm\/groups\/thorarinsdottir\/index.php\/the-team\/"},{"@type":"ListItem","position":3,"name":"Current Members","item":"https:\/\/sas.rochester.edu\/chm\/groups\/thorarinsdottir\/index.php\/the-team\/current-members\/"},{"@type":"ListItem","position":4,"name":"About Daniela"}]},{"@type":"WebSite","@id":"https:\/\/sas.rochester.edu\/chm\/groups\/thorarinsdottir\/#website","url":"https:\/\/sas.rochester.edu\/chm\/groups\/thorarinsdottir\/","name":"Thorarinsdottir Research Group","description":"Thorarinsdottir Research Group at University of Rochester","publisher":{"@id":"https:\/\/sas.rochester.edu\/chm\/groups\/thorarinsdottir\/#organization"},"potentialAction":[{"@type":"SearchAction","target":{"@type":"EntryPoint","urlTemplate":"https:\/\/sas.rochester.edu\/chm\/groups\/thorarinsdottir\/?s={search_term_string}"},"query-input":{"@type":"PropertyValueSpecification","valueRequired":true,"valueName":"search_term_string"}}],"inLanguage":"en-US"},{"@type":"Organization","@id":"https:\/\/sas.rochester.edu\/chm\/groups\/thorarinsdottir\/#organization","name":"Thorarinsdottir Research Group","url":"https:\/\/sas.rochester.edu\/chm\/groups\/thorarinsdottir\/","logo":{"@type":"ImageObject","inLanguage":"en-US","@id":"https:\/\/sas.rochester.edu\/chm\/groups\/thorarinsdottir\/#\/schema\/logo\/image\/","url":"https:\/\/sas.rochester.edu\/chm\/groups\/thorarinsdottir\/wp-content\/uploads\/2023\/06\/Thorarinsdottir-Group-Logo_for-news_trimmed.png","contentUrl":"https:\/\/sas.rochester.edu\/chm\/groups\/thorarinsdottir\/wp-content\/uploads\/2023\/06\/Thorarinsdottir-Group-Logo_for-news_trimmed.png","width":353,"height":358,"caption":"Thorarinsdottir Research Group"},"image":{"@id":"https:\/\/sas.rochester.edu\/chm\/groups\/thorarinsdottir\/#\/schema\/logo\/image\/"},"sameAs":["https:\/\/x.com\/aet_group_UofR"]}]}},"_links":{"self":[{"href":"https:\/\/sas.rochester.edu\/chm\/groups\/thorarinsdottir\/index.php\/wp-json\/wp\/v2\/pages\/6332","targetHints":{"allow":["GET"]}}],"collection":[{"href":"https:\/\/sas.rochester.edu\/chm\/groups\/thorarinsdottir\/index.php\/wp-json\/wp\/v2\/pages"}],"about":[{"href":"https:\/\/sas.rochester.edu\/chm\/groups\/thorarinsdottir\/index.php\/wp-json\/wp\/v2\/types\/page"}],"author":[{"embeddable":true,"href":"https:\/\/sas.rochester.edu\/chm\/groups\/thorarinsdottir\/index.php\/wp-json\/wp\/v2\/users\/16"}],"replies":[{"embeddable":true,"href":"https:\/\/sas.rochester.edu\/chm\/groups\/thorarinsdottir\/index.php\/wp-json\/wp\/v2\/comments?post=6332"}],"version-history":[{"count":9,"href":"https:\/\/sas.rochester.edu\/chm\/groups\/thorarinsdottir\/index.php\/wp-json\/wp\/v2\/pages\/6332\/revisions"}],"predecessor-version":[{"id":11152,"href":"https:\/\/sas.rochester.edu\/chm\/groups\/thorarinsdottir\/index.php\/wp-json\/wp\/v2\/pages\/6332\/revisions\/11152"}],"up":[{"embeddable":true,"href":"https:\/\/sas.rochester.edu\/chm\/groups\/thorarinsdottir\/index.php\/wp-json\/wp\/v2\/pages\/226"}],"wp:attachment":[{"href":"https:\/\/sas.rochester.edu\/chm\/groups\/thorarinsdottir\/index.php\/wp-json\/wp\/v2\/media?parent=6332"}],"curies":[{"name":"wp","href":"https:\/\/api.w.org\/{rel}","templated":true}]}}